{"id":1409,"date":"2014-12-17T11:50:54","date_gmt":"2014-12-17T11:50:54","guid":{"rendered":"http:\/\/www.clubederh.com.br\/?page_id=1409"},"modified":"2023-10-18T21:05:50","modified_gmt":"2023-10-18T21:05:50","slug":"adequacao-rn12","status":"publish","type":"page","link":"https:\/\/www.clubederh.com.br\/?page_id=1409","title":{"rendered":"Adequa\u00e7\u00e3o NR12"},"content":{"rendered":"<p>[av_one_full first]<br \/>\n[av_heading heading=&#8217;PLANO DE A\u00c7\u00c3O PARA ADEQUA\u00c7\u00c3O A NR 12 &#8211; SEGURAN\u00c7A NO TRABALHO EM M\u00c1QUINAS E EQUIPAMENTOS&#8217; tag=&#8217;h1&#8242; color=&#8217;meta-heading&#8217; style=&#8217;blockquote classic-quote&#8217; padding=&#8217;0&#8242;]<\/p>\n<p>[av_hr class=&#8217;default&#8217; height=&#8217;50&#8217; shadow=&#8217;no-shadow&#8217; position=&#8217;center&#8217;]<\/p>\n<p>[av_icon_box icon=&#8217;ue828&#8242; font=&#8217;entypo-fontello&#8217; position=&#8217;left&#8217; title=&#8217;1. CEN\u00c1RIO ATUAL:&#8217; link=&#8221; linktarget=&#8221;]<br \/>\nA NR 12 \u00e9 aplic\u00e1vel em todas as atividades econ\u00f4micas e prev\u00ea requisitos m\u00ednimos de seguran\u00e7a em m\u00e1quinas e equipamentos para garantir a sa\u00fade e a integridade f\u00edsica dos trabalhadores.<\/p>\n<p>Trata-se de uma Norma Regulamentadora complexa e de grande impacto nas empresas, com potencial de gerar grandes investimentos para a sua adequa\u00e7\u00e3o.<\/p>\n<p>O seu prazo de implanta\u00e7\u00e3o j\u00e1 se encontra expirado, portanto as empresas que ainda n\u00e3o fizeram as adequa\u00e7\u00f5es est\u00e3o sujeitas a multas e at\u00e9 mesmo a paralisa\u00e7\u00e3o de m\u00e1quinas e equipamentos.<\/p>\n<p>Outro agravante \u00e9 que na eventual ocorr\u00eancia de acidentes de trabalho envolvendo m\u00e1quinas e equipamentos, a empresa poder\u00e1 ser alvo de a\u00e7\u00f5es judiciais em fun\u00e7\u00e3o da n\u00e3o adequa\u00e7\u00e3o das normas gerando maiores passivos trabalhistas.<br \/>\n[\/av_icon_box]<br \/>\n[\/av_one_full]<\/p>\n<p>[av_heading heading=&#8217;Veja os v\u00eddeos que o Governo Federal est\u00e1 divulgando na m\u00eddia sobre o assunto:&#8217; tag=&#8217;h3&#8242; color=&#8217;meta-heading&#8217; style=&#8217;blockquote modern-quote&#8217; padding=&#8217;28&#8217;]<\/p>\n<p>[av_one_half first]<\/p>\n<p>[av_video src=&#8217;https:\/\/www.youtube.com\/watch?v=dSJ3pGIcnVI&amp;list=PLSAyE9HVlBfLIlE0-8yRfLdc-3W1gf0X2&amp;index=2&#8242; format=&#8217;16-9&#8242; width=&#8217;16&#8217; height=&#8217;9&#8242;]<\/p>\n<p>[\/av_one_half][av_one_half]<\/p>\n<p>[av_video src=&#8217;https:\/\/www.youtube.com\/watch?v=W9BpIxPWTx8&amp;index=1&amp;list=PLSAyE9HVlBfLIlE0-8yRfLdc-3W1gf0X2&#8242; format=&#8217;16-9&#8242; width=&#8217;16&#8217; height=&#8217;9&#8242;]<\/p>\n<p>[\/av_one_half][av_hr class=&#8217;invisible&#8217; height=&#8217;10&#8217; shadow=&#8217;no-shadow&#8217; position=&#8217;center&#8217;]<\/p>\n<p>[av_textblock]<br \/>\n<strong>As principais dificuldades encontradas pelas empresas para se adequarem a NR 12 s\u00e3o a necessidade\u00a0 de estudos e projetos especializados para se dimensionar as adequa\u00e7\u00f5es necess\u00e1rias e os elevados investimentos financeiros para a implanta\u00e7\u00e3o.<\/strong><\/p>\n<p><strong>Consta na NR 12 a obrigatoriedade por parte do comprador de realizar os treinamentos adequados aos seus funcion\u00e1rios na opera\u00e7\u00e3o das m\u00e1quinas e equipamentos al\u00e9m de ter a disposi\u00e7\u00e3o os respectivos manuais. Este item tamb\u00e9m apresenta dificuldades no seu cumprimento em fun\u00e7\u00e3o de que diversos fabricantes n\u00e3o fornecem o manual nem o material adequado para o treinamento dos trabalhadores.<\/strong><\/p>\n<p><strong>Em fun\u00e7\u00e3o destas dificuldades muitas empresas n\u00e3o realizam um planejamento para o cumprimento da NR 12 e est\u00e3o de fato sujeitas a multas, paralisa\u00e7\u00f5es de equipamentos e passivos trabalhistas.<\/strong><br \/>\n[\/av_textblock]<\/p>\n<p>[av_hr class=&#8217;default&#8217; height=&#8217;50&#8217; shadow=&#8217;no-shadow&#8217; position=&#8217;center&#8217;]<\/p>\n<p>[av_icon_box icon=&#8217;ue828&#8242; font=&#8217;entypo-fontello&#8217; position=&#8217;left&#8217; title=&#8217;2. CEN\u00c1RIO PROPOSTO:&#8217; link=&#8221; linktarget=&#8221;]<br \/>\nComo resultado na Mesa Redonda que foi realizada em 05\/11\/2014 no Cine Teatro da Prefeitura Municipal de Extrema, com a presen\u00e7a de representantes do SINMEC \u2013 Sindicato das Ind\u00fastrias Metal\u00fargicas e Mec\u00e2nicas e de Materiais El\u00e9tricos de Cambu\u00ed, Camanducaia, Extrema e Itapeva, SESI, SENAI empresas e fornecedores associados do CLUBE DE RH foi definido um Plano de A\u00e7\u00e3o para que as empresas interessadas possam se organizar em grupo visando obter um cronograma de adequa\u00e7\u00e3o \u00e0s normas com custos diferenciados.<\/p>\n<p>O Plano de A\u00e7\u00e3o prev\u00ea para as empresas interessadas a elabora\u00e7\u00e3o de um Planejamento de adequa\u00e7\u00e3o a NR 12 , que ir\u00e1 posteriormente gerar um Cronograma Individual de cada empresa conforme as suas necessidades espec\u00edficas de adequa\u00e7\u00e3o e ao seu planejamento financeiro de investimentos.<\/p>\n<p>Este Planejamento e Cronograma ser\u00e3o realizados em condi\u00e7\u00f5es especiais pelo SENAI e SESI, que poder\u00e3o tamb\u00e9m se compor com empresas de consultoria especializadas para atender as empresas interessadas com custos diferenciados.<\/p>\n<p>Uma vez que um grupo de empresas tenham manifestado o seu interesse em participar deste Plano de A\u00e7\u00e3o , ser\u00e1 protocolado junto a Regional de Pouso Alegre do Minist\u00e9rio do Trabalho o Plano de A\u00e7\u00e3o sendo que o objetivo \u00e9 que desta forma a empresa minimize os riscos de receber multas e outras penalidades em fun\u00e7\u00e3o de estar seguindo um planejamento para se adequar a NR 12.<\/p>\n<p>Cabe ao CLUBE DE RH divulgar o presente Plano de A\u00e7\u00e3o entre as empresas associadas e do seu relacionamento e encaminhar para o SINMEC que independente de serem empresas filiadas ou de seu ramo de atua\u00e7\u00e3o , ir\u00e1 envolver formalmente o SENAI e o SESI para o preparo do Planejamento.<\/p>\n<p>O CLUBE DE RH tamb\u00e9m estar\u00e1 entrando em contato com os fabricantes de m\u00e1quinas e equipamentos utilizados pelas empresas, visando obter os Manuais atualizados e verificar o interesse destas empresas em confeccionar um Treinamento em EAD \u2013 Ensino a Dist\u00e2ncia para que o trabalhador possa ser capacitado na opera\u00e7\u00e3o das m\u00e1quinas e equipamentos dos respectivos fabricantes.<br \/>\n[\/av_icon_box]<\/p>\n<p>[av_hr class=&#8217;default&#8217; height=&#8217;50&#8217; shadow=&#8217;no-shadow&#8217; position=&#8217;center&#8217;]<\/p>\n<p>[av_icon_box icon=&#8217;ue828&#8242; font=&#8217;entypo-fontello&#8217; position=&#8217;left&#8217; title=&#8217;3. PR\u00d3XIMOS PASSOS:&#8217; link=&#8221; linktarget=&#8221;]<\/p>\n<ul>\n<li>As empresas interessadas dever\u00e3o enviar para o Clube de Rh um e-mail para <a href=\"mailto:murilo@clubederh.com.br\">murilo@clubederh.com.br<\/a> informado o seu interesse em participar do Plano de A\u00e7\u00e3o contendo os seus dados cadastrais b\u00e1sicos<\/li>\n<\/ul>\n<p><strong>Dever\u00e3o enviar tamb\u00e9m uma Planilha Excel contendo o seu Invent\u00e1rio de M\u00e1quinas e Equipamentos constando <i>Nome da M\u00e1quina\/Equipamento, Modelo e Ano , Nome do Fabricante e contato ( Telefone , site, ou e-mail ou endere\u00e7o ) e informar se possui o Manual de Opera\u00e7\u00e3o.<\/i><\/strong><br \/>\n[\/av_icon_box]<\/p>\n<p>[av_hr class=&#8217;default&#8217; height=&#8217;50&#8217; shadow=&#8217;no-shadow&#8217; position=&#8217;center&#8217;]<\/p>\n<p>[av_icon_box icon=&#8217;ue828&#8242; font=&#8217;entypo-fontello&#8217; position=&#8217;left&#8217; title=&#8217;4. TERMO DE ADES\u00c3O:&#8217; link=&#8221; linktarget=&#8221;]<\/p>\n<ul>\n<li>Para participar deste Plano de A\u00e7\u00e3o a empresa interessada n\u00e3o precisa ser associada do\u00a0 Clube de RH \u00a0e a participa\u00e7\u00e3o \u00e9 gratuita.<\/li>\n<li>Os estudos e projetos que est\u00e3o previstos neste Plano de A\u00e7\u00e3o ser\u00e3o negociados diretamente com o SENAI, SESI e empresas especializadas.<\/li>\n<\/ul>\n<p>[\/av_icon_box]<\/p>\n","protected":false},"excerpt":{"rendered":"<p>[av_one_full first] [av_heading heading=&#8217;PLANO DE A\u00c7\u00c3O PARA ADEQUA\u00c7\u00c3O A NR 12 &#8211; SEGURAN\u00c7A NO TRABALHO EM M\u00c1QUINAS E EQUIPAMENTOS&#8217; tag=&#8217;h1&#8242; color=&#8217;meta-heading&#8217; style=&#8217;blockquote classic-quote&#8217; padding=&#8217;0&#8242;] [av_hr class=&#8217;default&#8217; height=&#8217;50&#8217; shadow=&#8217;no-shadow&#8217; position=&#8217;center&#8217;] [av_icon_box icon=&#8217;ue828&#8242; font=&#8217;entypo-fontello&#8217; position=&#8217;left&#8217; title=&#8217;1. CEN\u00c1RIO ATUAL:&#8217; link=&#8221; linktarget=&#8221;] A NR &hellip; <a href=\"https:\/\/www.clubederh.com.br\/?page_id=1409\">Continue lendo <span class=\"meta-nav\">&rarr;<\/span><\/a><\/p>\n","protected":false},"author":2,"featured_media":0,"parent":0,"menu_order":0,"comment_status":"open","ping_status":"closed","template":"","meta":{"footnotes":""},"_links":{"self":[{"href":"https:\/\/www.clubederh.com.br\/index.php?rest_route=\/wp\/v2\/pages\/1409"}],"collection":[{"href":"https:\/\/www.clubederh.com.br\/index.php?rest_route=\/wp\/v2\/pages"}],"about":[{"href":"https:\/\/www.clubederh.com.br\/index.php?rest_route=\/wp\/v2\/types\/page"}],"author":[{"embeddable":true,"href":"https:\/\/www.clubederh.com.br\/index.php?rest_route=\/wp\/v2\/users\/2"}],"replies":[{"embeddable":true,"href":"https:\/\/www.clubederh.com.br\/index.php?rest_route=%2Fwp%2Fv2%2Fcomments&post=1409"}],"version-history":[{"count":12,"href":"https:\/\/www.clubederh.com.br\/index.php?rest_route=\/wp\/v2\/pages\/1409\/revisions"}],"predecessor-version":[{"id":4721,"href":"https:\/\/www.clubederh.com.br\/index.php?rest_route=\/wp\/v2\/pages\/1409\/revisions\/4721"}],"wp:attachment":[{"href":"https:\/\/www.clubederh.com.br\/index.php?rest_route=%2Fwp%2Fv2%2Fmedia&parent=1409"}],"curies":[{"name":"wp","href":"https:\/\/api.w.org\/{rel}","templated":true}]}}