{"id":173,"date":"2014-03-18T15:50:17","date_gmt":"2014-03-18T15:50:17","guid":{"rendered":"http:\/\/200.168.247.69\/clubederhatual\/?page_id=173"},"modified":"2017-03-22T19:14:02","modified_gmt":"2017-03-22T19:14:02","slug":"confirmacao","status":"publish","type":"page","link":"https:\/\/www.clubederh.com.br\/?page_id=173","title":{"rendered":"Inscri\u00e7\u00f5es para os pr\u00f3ximos encontros"},"content":{"rendered":"<p>[av_one_full first][\/av_one_full]<\/p>\n<p>[av_one_half first]<\/p>\n<p>[av_promobox button=&#8217;yes&#8217; label=&#8217;ACESSE AQUI&#8217; link=&#8217;page,50&#8242; link_target=&#8221; color=&#8217;custom&#8217; custom_bg=&#8217;#a81010&#8242; custom_font=&#8217;#ffffff&#8217; size=&#8217;medium&#8217; icon_select=&#8217;yes&#8217; icon=&#8217;ue829&#8242; font=&#8217;entypo-fontello&#8217;]<br \/>\n<span style=\"color: #000000;\"><strong>Associados e Convidados<\/strong><\/span><br \/>\n<span style=\"text-decoration: underline; color: #000000;\"><strong>Inscri\u00e7\u00f5es gratuitas<\/strong><\/span><span style=\"color: #000000;\"><strong><br \/>\n<\/strong><\/span><br \/>\n[\/av_promobox]<\/p>\n<p>[\/av_one_half][av_one_half]<\/p>\n<p>[av_promobox button=&#8217;yes&#8217; label=&#8217;ACESSE AQUI&#8217; link=&#8217;page,50&#8242; link_target=&#8221; color=&#8217;green&#8217; custom_bg=&#8217;#444444&#8242; custom_font=&#8217;#ffffff&#8217; size=&#8217;medium&#8217; icon_select=&#8217;yes&#8217; icon=&#8217;ue828&#8242; font=&#8217;entypo-fontello&#8217;]<br \/>\n<span style=\"color: #000000;\"><strong>N\u00e3o associados\u00a0<\/strong><\/span><br \/>\n<span style=\"color: #000000;\">Inscri\u00e7\u00e3o Individual: R$110,00<\/span><br \/>\n[\/av_promobox]<\/p>\n<p>[\/av_one_half]<\/p>\n","protected":false},"excerpt":{"rendered":"<p>[av_one_full first][\/av_one_full] [av_one_half first] [av_promobox button=&#8217;yes&#8217; label=&#8217;ACESSE AQUI&#8217; link=&#8217;page,50&#8242; link_target=&#8221; color=&#8217;custom&#8217; custom_bg=&#8217;#a81010&#8242; custom_font=&#8217;#ffffff&#8217; size=&#8217;medium&#8217; icon_select=&#8217;yes&#8217; icon=&#8217;ue829&#8242; font=&#8217;entypo-fontello&#8217;] Associados e Convidados Inscri\u00e7\u00f5es gratuitas [\/av_promobox] [\/av_one_half][av_one_half] [av_promobox button=&#8217;yes&#8217; label=&#8217;ACESSE AQUI&#8217; link=&#8217;page,50&#8242; link_target=&#8221; color=&#8217;green&#8217; custom_bg=&#8217;#444444&#8242; custom_font=&#8217;#ffffff&#8217; size=&#8217;medium&#8217; icon_select=&#8217;yes&#8217; icon=&#8217;ue828&#8242; font=&#8217;entypo-fontello&#8217;] N\u00e3o associados\u00a0 Inscri\u00e7\u00e3o &hellip; <a href=\"https:\/\/www.clubederh.com.br\/?page_id=173\">Continue lendo <span class=\"meta-nav\">&rarr;<\/span><\/a><\/p>\n","protected":false},"author":1,"featured_media":0,"parent":0,"menu_order":0,"comment_status":"open","ping_status":"open","template":"","meta":{"footnotes":""},"_links":{"self":[{"href":"https:\/\/www.clubederh.com.br\/index.php?rest_route=\/wp\/v2\/pages\/173"}],"collection":[{"href":"https:\/\/www.clubederh.com.br\/index.php?rest_route=\/wp\/v2\/pages"}],"about":[{"href":"https:\/\/www.clubederh.com.br\/index.php?rest_route=\/wp\/v2\/types\/page"}],"author":[{"embeddable":true,"href":"https:\/\/www.clubederh.com.br\/index.php?rest_route=\/wp\/v2\/users\/1"}],"replies":[{"embeddable":true,"href":"https:\/\/www.clubederh.com.br\/index.php?rest_route=%2Fwp%2Fv2%2Fcomments&post=173"}],"version-history":[{"count":39,"href":"https:\/\/www.clubederh.com.br\/index.php?rest_route=\/wp\/v2\/pages\/173\/revisions"}],"predecessor-version":[{"id":177,"href":"https:\/\/www.clubederh.com.br\/index.php?rest_route=\/wp\/v2\/pages\/173\/revisions\/177"}],"wp:attachment":[{"href":"https:\/\/www.clubederh.com.br\/index.php?rest_route=%2Fwp%2Fv2%2Fmedia&parent=173"}],"curies":[{"name":"wp","href":"https:\/\/api.w.org\/{rel}","templated":true}]}}