{"id":1955,"date":"2015-08-03T17:20:02","date_gmt":"2015-08-03T17:20:02","guid":{"rendered":"http:\/\/www.clubederh.com.br\/?page_id=1955"},"modified":"2015-08-03T17:35:50","modified_gmt":"2015-08-03T17:35:50","slug":"prevencao-e-correcao-de-passivos-trabalhistas","status":"publish","type":"page","link":"https:\/\/www.clubederh.com.br\/?page_id=1955","title":{"rendered":"Preven\u00e7\u00e3o e Corre\u00e7\u00e3o de Passivos Trabalhistas"},"content":{"rendered":"<p>[av_one_full first]<\/p>\n<p>[av_icon_box icon=&#8217;ue828&#8242; font=&#8217;entypo-fontello&#8217; position=&#8217;left&#8217; title=&#8217;PLANO DE A\u00c7\u00c3O PARA PREVEN\u00c7\u00c3O E CORRE\u00c7\u00c3O DE PASSIVOS TRABALHISTAS \u2013 HORAS IN ITINER&#8217; link=&#8221; linktarget=&#8221;]<br \/>\n<span style=\"color: #000000;\">Se a sua empresa fornece transporte para seus colaboradores existe a grande possibilidade de estar gerando passivos trabalhistas que podem ser pleiteados num futuro pr\u00f3ximo atrav\u00e9s de a\u00e7\u00f5es trabalhistas. A ess\u00eancia do Plano de A\u00e7\u00e3o \u00e9 a de Ampliar o Transporte P\u00fablico para Hor\u00e1rios e Trajetos que atendam as necessidades das empresas. Coordenador Geral : Dr Jo\u00e3o Luiz Lopes.<\/span><br \/>\n[\/av_icon_box]<\/p>\n<p>[av_hr class=&#8217;invisible&#8217; height=&#8217;25&#8217; shadow=&#8217;no-shadow&#8217; position=&#8217;center&#8217;]<\/p>\n<p>[av_icon_box icon=&#8217;ue828&#8242; font=&#8217;entypo-fontello&#8217; position=&#8217;left&#8217; title=&#8217;PLANO DE A\u00c7\u00c3O PARA PREVEN\u00c7\u00c3O E CORRE\u00c7\u00c3O DE PASSIVOS TRABALHISTAS \u2013 ASS\u00c9DIO MORAL E SEXUAL&#8217; link=&#8221; linktarget=&#8221;]<br \/>\n<span style=\"color: #000000;\">Estamos vivenciando um aumento do n\u00famero de processos e dos riscos e passivos trabalhistas relacionados ao Ass\u00e9dio Moral e Sexual, que hoje est\u00e1 sendo objeto de in\u00fameras A\u00e7\u00f5es Trabalhistas relacionados e funcion\u00e1rios e tamb\u00e9m na gest\u00e3o de terceiros. O escrit\u00f3rio Papini Lacerda Advogados, representado pela advogada Cristiane Ara\u00fajo de Paula est\u00e3o disponibilizando um Manual de Boas Pr\u00e1ticas e um Formul\u00e1rio de Autodiagnostico para as empresas verificarem o grau de riscos aos quais est\u00e3o expostas.<\/span> <a href=\"http:\/\/www.clubederh.com.br\/novo\/wp-content\/uploads\/Passivos_Trabalhistas.pdf\" target=\"_blank\"><span style=\"text-decoration: underline; color: #800000;\"><strong>Clique aqui para acessar o Formul\u00e1rio de Autodiagn\u00f3stico <\/strong><\/span><\/a><br \/>\n[\/av_icon_box]<\/p>\n<p>[av_hr class=&#8217;invisible&#8217; height=&#8217;15&#8217; shadow=&#8217;no-shadow&#8217; position=&#8217;center&#8217;]<\/p>\n<p>[av_textblock ]<br \/>\n<strong><em>Para mais informa\u00e7\u00f5es sobre estes Planos de A\u00e7\u00e3o, entre em contato conosco, ser\u00e1 um prazer atende-lo: \u00a0<\/em><a href=\"mailto:contato@clubederh.com.br\"><i>contato@clubederh.com.br<\/i><\/a><\/strong><em><\/em><br \/>\n[\/av_textblock]<\/p>\n<p>[\/av_one_full]<\/p>\n","protected":false},"excerpt":{"rendered":"<p>[av_one_full first] [av_icon_box icon=&#8217;ue828&#8242; font=&#8217;entypo-fontello&#8217; position=&#8217;left&#8217; title=&#8217;PLANO DE A\u00c7\u00c3O PARA PREVEN\u00c7\u00c3O E CORRE\u00c7\u00c3O DE PASSIVOS TRABALHISTAS \u2013 HORAS IN ITINER&#8217; link=&#8221; linktarget=&#8221;] Se a sua empresa fornece transporte para seus colaboradores existe a grande possibilidade de estar gerando passivos trabalhistas &hellip; <a href=\"https:\/\/www.clubederh.com.br\/?page_id=1955\">Continue lendo <span class=\"meta-nav\">&rarr;<\/span><\/a><\/p>\n","protected":false},"author":2,"featured_media":0,"parent":0,"menu_order":0,"comment_status":"open","ping_status":"open","template":"","meta":{"footnotes":""},"_links":{"self":[{"href":"https:\/\/www.clubederh.com.br\/index.php?rest_route=\/wp\/v2\/pages\/1955"}],"collection":[{"href":"https:\/\/www.clubederh.com.br\/index.php?rest_route=\/wp\/v2\/pages"}],"about":[{"href":"https:\/\/www.clubederh.com.br\/index.php?rest_route=\/wp\/v2\/types\/page"}],"author":[{"embeddable":true,"href":"https:\/\/www.clubederh.com.br\/index.php?rest_route=\/wp\/v2\/users\/2"}],"replies":[{"embeddable":true,"href":"https:\/\/www.clubederh.com.br\/index.php?rest_route=%2Fwp%2Fv2%2Fcomments&post=1955"}],"version-history":[{"count":10,"href":"https:\/\/www.clubederh.com.br\/index.php?rest_route=\/wp\/v2\/pages\/1955\/revisions"}],"predecessor-version":[{"id":1957,"href":"https:\/\/www.clubederh.com.br\/index.php?rest_route=\/wp\/v2\/pages\/1955\/revisions\/1957"}],"wp:attachment":[{"href":"https:\/\/www.clubederh.com.br\/index.php?rest_route=%2Fwp%2Fv2%2Fmedia&parent=1955"}],"curies":[{"name":"wp","href":"https:\/\/api.w.org\/{rel}","templated":true}]}}