{"id":2012,"date":"2015-08-04T12:29:50","date_gmt":"2015-08-04T12:29:50","guid":{"rendered":"http:\/\/www.clubederh.com.br\/?page_id=2012"},"modified":"2015-08-04T13:39:53","modified_gmt":"2015-08-04T13:39:53","slug":"plano-de-acao-preservacao-do-patrimonio","status":"publish","type":"page","link":"https:\/\/www.clubederh.com.br\/?page_id=2012","title":{"rendered":"Plano de A\u00e7\u00e3o &#8211; Preserva\u00e7\u00e3o do Patrim\u00f4nio"},"content":{"rendered":"<p>[av_heading heading=&#8217;SEGUROS EMPRESARIAIS EM GRUPO&#8217; tag=&#8217;h1&#8242; color=&#8221; style=&#8217;blockquote classic-quote&#8217; padding=&#8217;10&#8217;]<\/p>\n<p>[av_hr class=&#8217;default&#8217; height=&#8217;50&#8217; shadow=&#8217;no-shadow&#8217; position=&#8217;center&#8217;]<\/p>\n<p>[av_heading heading=&#8217;PATROC\u00cdNIO PRATICALL \u2013 GEST\u00c3O DE RISCOS &#8216; tag=&#8217;h3&#8242; color=&#8221; style=&#8217;blockquote classic-quote&#8217; padding=&#8217;10&#8217;]<\/p>\n<p>[av_textblock]<br \/>\n<span style=\"color: #000000;\">\u00c9 com grande satisfa\u00e7\u00e3o que o CLUBE DE RH informa que<strong>\u00a0<\/strong>conseguimos o patroc\u00ednio da assessoria de seguros PRATICALL especializada em Gest\u00e3o de Riscos, que est\u00e1 viabilizando a participa\u00e7\u00e3o da sua empresa em diversos Planos de A\u00e7\u00e3o sem nenhum custo.<b><\/b><\/span><\/p>\n<p><span style=\"color: #000000;\">A sua empresa n\u00e3o precisa contratar nenhum seguro com a PRATICALL, apenas oferecer a oportunidade da mesma em apresentar melhores condi\u00e7\u00f5es comerciais e de cobertura de ap\u00f3lices de seguros que podem ou n\u00e3o ser do interesse da sua empresa.<\/span><\/p>\n<p><span style=\"color: #000000;\">Desta forma, a sua empresa estar\u00e1, viabilizando em contrapartida para a PRATICALL, participando do presente\u00a0PLANO DE A\u00c7\u00c3O PRESERVA\u00c7\u00c3O DO PATRIM\u00d4NIO \u2013 SEGUROS EMPRESARIAIS EM GRUPO\u00a0que prev\u00ea:<\/span><br \/>\n[\/av_textblock]<\/p>\n<p>[av_hr class=&#8217;invisible&#8217; height=&#8217;20&#8217; shadow=&#8217;no-shadow&#8217; position=&#8217;center&#8217;]<\/p>\n<p>[av_icon_box icon=&#8217;ue812&#8242; font=&#8217;entypo-fontello&#8217; position=&#8217;left&#8217; title=&#8217;Benef\u00edcios para a sua Empresa:&#8217; link=&#8221; linktarget=&#8221;]<\/p>\n<ul>\n<li><span style=\"color: #000000;\">Com o objetivo de Reduzir Custos e ampliar a cobertura das suas ap\u00f3lices de seguro, a PRATICALL est\u00e1 realizando Cota\u00e7\u00f5es de Seguros em Grupo de Empresas, a exemplos de seguros de inc\u00eandio e patrimonial. \u00a0<\/span><\/li>\n<li><span style=\"color: #000000;\">Atendendo as necessidades de v\u00e1rias empresas em conjunto, buscamos o melhor custo benef\u00edcio junto as Seguradoras atuantes no mercado nacional.\u00a0<\/span><\/li>\n<li>\n<p style=\"display: inline !important;\"><span style=\"color: #000000;\">A sua empresa poder\u00e1, a seu livre crit\u00e9rio, manter as suas ap\u00f3lices de seguros atuais bem como o seu Corretor de Seguros atual.<\/span><\/p>\n<\/li>\n<\/ul>\n<p>[\/av_icon_box]<\/p>\n<p>[av_icon_box icon=&#8217;ue812&#8242; font=&#8217;entypo-fontello&#8217; position=&#8217;left&#8217; title=&#8217;Benef\u00edcios para os seus Funcion\u00e1rios e Dependentes:&#8217; link=&#8221; linktarget=&#8221;]<\/p>\n<ul>\n<li><span style=\"color: #000000;\">Atrav\u00e9s do Programa Affinity a sua empresa estar\u00e1 disponibilizando mais um benef\u00edcio para seus colaboradores, sem nenhum custo para a sua empresa.<\/span><\/li>\n<li><span style=\"color: #000000;\">Atendendo as necessidades de v\u00e1rias empresas em conjunto, buscamos o melhor custo benef\u00edcio junto as Seguradoras atuantes no mercado nacional.<\/span><\/li>\n<li><span style=\"color: #000000;\">A sua empresa poder\u00e1, a seu livre crit\u00e9rio, manter as suas ap\u00f3lices de seguros atuais bem como o seu Corretor de Seguros atual.<\/span><\/li>\n<\/ul>\n<p>[\/av_icon_box]<\/p>\n<p>[av_icon_box icon=&#8217;ue828&#8242; font=&#8217;entypo-fontello&#8217; position=&#8217;left&#8217; title=&#8217; CEN\u00c1RIO ATUAL:&#8217; link=&#8221; linktarget=&#8221;]<br \/>\n<span style=\"color: #000000;\">A Preserva\u00e7\u00e3o do Patrim\u00f4nio e a Gest\u00e3o de Riscos s\u00e3o na maioria das empresas, objeto de ap\u00f3lices de seguros empresariais.<\/span><\/p>\n<p><span style=\"color: #000000;\">Sem d\u00favida os seguros empresariais s\u00e3o amplamente utilizados e muitas vezes indispens\u00e1veis ou mesmo obrigat\u00f3rios em v\u00e1rias atividades a exemplo do seguro de inc\u00eandio e sa\u00fade.<\/span><\/p>\n<p><span style=\"color: #000000;\">\u00a0S\u00e3o custos anuais assumidos pelas empresas e que possuem varia\u00e7\u00f5es de pre\u00e7os em fun\u00e7\u00e3o da cobertura, grau de risco e volume segurado dentre outros fatores.<\/span><\/p>\n<p><span style=\"color: #000000;\">\u00a0Existe no mercado de seguros uma grande variedade de modalidades de seguros empresariais sendo que constantemente s\u00e3o apresentadas novas modalidades atrav\u00e9s da iniciativa das diversas seguradoras atuantes no mercado nacional.<\/span><\/p>\n<p><span style=\"color: #000000;\">\u00a0\u00c9 tarefa \u00e1rdua para empresas e corretores de seguros manterem-se constantemente atualizados das novidades do mercado visando obter o melhor custo benef\u00edcio dos seguros empresariais.<\/span><\/p>\n<p><span style=\"color: #000000;\">\u00a0Neste sentido faz parte das boas pr\u00e1ticas administrativas de qualquer empresa, a an\u00e1lise de op\u00e7\u00f5es de cota\u00e7\u00f5es de seguros por ocasi\u00e3o da proximidade das renova\u00e7\u00f5es dos seus seguros empresariais.<\/span><\/p>\n<p><span style=\"color: #000000;\">\u00a0Fato \u00e9 que n\u00e3o \u00e9 somente a ap\u00f3lice de seguros que \u00e9 levada em conta numa contrata\u00e7\u00e3o. Tamb\u00e9m \u00e9 fundamental o atendimento personalizado e de confian\u00e7a com um Corretor de Seguros e muitas empresas j\u00e1 atuam a muitos anos com Corretores de Seguro de sua confian\u00e7a e que prestam bons servi\u00e7os.<\/span><br \/>\n[\/av_icon_box]<\/p>\n<p>[av_icon_box icon=&#8217;ue828&#8242; font=&#8217;entypo-fontello&#8217; position=&#8217;left&#8217; title=&#8217;CEN\u00c1RIO PROPOSTO:&#8217; link=&#8221; linktarget=&#8221;]<br \/>\n<span style=\"color: #000000;\">Realizar Cota\u00e7\u00f5es de Seguros em Grupo, atendendo as necessidades de v\u00e1rias empresas em conjunto, buscando o melhor custo benef\u00edcio junto as Seguradoras atuantes no mercado nacional.<\/span><\/p>\n<p><span style=\"color: #000000;\">A sua empresa poder\u00e1, a seu livre crit\u00e9rio manter o seu Corretor de Seguros atual e apenas ir\u00e1 contratar os Seguros de seu interesse a seu livre crit\u00e9rio.<\/span><\/p>\n<p><span style=\"color: #000000;\">O Clube de RH formalizou um conv\u00eanio com a empresa PRATICALL que \u00e9 especializada em Gest\u00e3o de Riscos e atua como co-corretora, o que permite a sua atua\u00e7\u00e3o conjunta com outras corretoras de seguros.<\/span><\/p>\n<p><strong><span style=\"text-decoration: underline;\">Alguns Procedimentos :<\/span><\/strong><\/p>\n<p><span style=\"color: #000000;\">1)\u00a0\u00a0\u00a0 Cota\u00e7\u00e3o de Seguros Empresariais em Grupo representando Grupos de Empresas com interesses comuns realizado pela empresa Praticall.<\/span><\/p>\n<p><span style=\"color: #000000;\">\u00a02)\u00a0\u00a0\u00a0 An\u00e1lise das ap\u00f3lices atuais e fatores de riscos visando obter a melhor cobertura e custo\/benef\u00edcio realizado pela empresa Praticall.<\/span><\/p>\n<p><span style=\"color: #000000;\">\u00a03)\u00a0\u00a0\u00a0 Manuten\u00e7\u00e3o do relacionamento comercial com os corretores de seguros que atendem a sua empresa.<\/span><\/p>\n<p><span style=\"color: #000000;\">\u00a04)\u00a0\u00a0\u00a0 A sua empresa n\u00e3o tem nenhum custo em participar deste Plano de A\u00e7\u00e3o para Redu\u00e7\u00e3o de Custos.<\/span><\/p>\n<p><span style=\"color: #000000;\">\u00a05)\u00a0\u00a0\u00a0 Caso a Cota\u00e7\u00e3o de Seguros apresentada pela empresa Praticall seja vantajosa para a sua empresa, a comiss\u00e3o do seguro poder\u00e1 ser \u00a0dividida entre a sua Corretora Atual e a empresa Praticall.<\/span><\/p>\n<p><span style=\"color: #000000;\">Acreditamos que o poder de negocia\u00e7\u00e3o de mais de 100 empresas \u00e9 fator de vantagem competitiva gerando maior lucratividade em fun\u00e7\u00e3o dos menores custos.<\/span><br \/>\n[\/av_icon_box]<\/p>\n<p>[av_icon_box icon=&#8217;ue828&#8242; font=&#8217;entypo-fontello&#8217; position=&#8217;left&#8217; title=&#8217;PR\u00d3XIMOS PASSOS :&#8217; link=&#8221; linktarget=&#8221;]<br \/>\n<strong><span style=\"text-decoration: underline;\">Manifesta\u00e7\u00e3o de Interesse:<\/span><\/strong><\/p>\n<ul>\n<li><span style=\"color: #000000;\">As empresas interessadas em participarem do Plano de A\u00e7\u00e3o \u2013 Preserva\u00e7\u00e3o do Patrim\u00f4nio \u2013 Seguros Empresariais em Grupo, devem formalizar o modelo em anexo de Carta de Nomea\u00e7\u00e3o da empresa Praticall como mais uma Corretora. <a href=\"http:\/\/www.clubederh.com.br\/novo\/wp-content\/uploads\/Carta_Formulario_Praticall.docx\" target=\"_blank\"><span style=\"text-decoration: underline; color: #800000;\">Clique Aqui<\/span><\/a>\u00a0para Acessar a Carta de Nomea\u00e7\u00e3o e o Formul\u00e1rio de Seguros Contratados.<\/span><\/li>\n<\/ul>\n<p><strong><span style=\"text-decoration: underline;\">Informar os Seguros Atuais Contratados:<\/span><\/strong><\/p>\n<ul>\n<li><span style=\"color: #000000;\">As empresas participantes devem preencher o Formul\u00e1rio de Seguros Contratados que ser\u00e3o utilizados para que a empresa Praticall realize os estudos de Coberturas e Custos\/Benef\u00edcios junto com as Seguradoras atuantes no mercado nacional.<\/span><\/li>\n<\/ul>\n<p><strong><span style=\"text-decoration: underline;\">Estudo de Gest\u00e3o de Riscos:<\/span><\/strong><\/p>\n<ul>\n<li><span style=\"color: #000000;\">Posteriormente, atrav\u00e9s de visita espec\u00edfica, a sua empresa estar\u00e1 se beneficiando de um estudo completo de Gest\u00e3o de Riscos com a an\u00e1lise de diversos fatores espec\u00edficos e particulares na sua empresa.<\/span><\/li>\n<\/ul>\n<p><strong><span style=\"text-decoration: underline;\">Estudo de Implanta\u00e7\u00e3o de Affinity:<\/span><\/strong><\/p>\n<ul>\n<li><span style=\"color: #000000;\">Programas de Affinity tem como principal objetivo ampliar os benef\u00edcios para os seus colaboradores, valorizando os seus recursos humanos e promovendo a reten\u00e7\u00e3o de talentos.<\/span><\/li>\n<li><span style=\"color: #000000;\">Estes programas n\u00e3o geram custos para a sua empresa e podem ser implantados de forma customizada de acordo com o perfil da sua empresa.<\/span><\/li>\n<li><span style=\"color: #800000;\"><span style=\"text-decoration: underline;\"><a href=\"http:\/\/ibmclub.praticall.com.br\/\" target=\"_blank\">Clique<\/a><a href=\"http:\/\/ibmclub.praticall.com.br\/\" target=\"_blank\"> Aqui<\/a><\/span>\u00a0<span style=\"color: #000000;\">e conhe\u00e7a um Programa Affinity desenvolvido pela Praticall para Beneficiar os funcion\u00e1rios e dependentes da \u00a0IBM CLUB.<\/span><br \/>\n<\/span><\/li>\n<\/ul>\n<p>[\/av_icon_box]<\/p>\n","protected":false},"excerpt":{"rendered":"<p>[av_heading heading=&#8217;SEGUROS EMPRESARIAIS EM GRUPO&#8217; tag=&#8217;h1&#8242; color=&#8221; style=&#8217;blockquote classic-quote&#8217; padding=&#8217;10&#8217;] [av_hr class=&#8217;default&#8217; height=&#8217;50&#8217; shadow=&#8217;no-shadow&#8217; position=&#8217;center&#8217;] [av_heading heading=&#8217;PATROC\u00cdNIO PRATICALL \u2013 GEST\u00c3O DE RISCOS &#8216; tag=&#8217;h3&#8242; color=&#8221; style=&#8217;blockquote classic-quote&#8217; padding=&#8217;10&#8217;] [av_textblock] \u00c9 com grande satisfa\u00e7\u00e3o que o CLUBE DE RH informa que\u00a0conseguimos &hellip; <a href=\"https:\/\/www.clubederh.com.br\/?page_id=2012\">Continue lendo <span class=\"meta-nav\">&rarr;<\/span><\/a><\/p>\n","protected":false},"author":2,"featured_media":0,"parent":0,"menu_order":0,"comment_status":"open","ping_status":"open","template":"","meta":{"footnotes":""},"_links":{"self":[{"href":"https:\/\/www.clubederh.com.br\/index.php?rest_route=\/wp\/v2\/pages\/2012"}],"collection":[{"href":"https:\/\/www.clubederh.com.br\/index.php?rest_route=\/wp\/v2\/pages"}],"about":[{"href":"https:\/\/www.clubederh.com.br\/index.php?rest_route=\/wp\/v2\/types\/page"}],"author":[{"embeddable":true,"href":"https:\/\/www.clubederh.com.br\/index.php?rest_route=\/wp\/v2\/users\/2"}],"replies":[{"embeddable":true,"href":"https:\/\/www.clubederh.com.br\/index.php?rest_route=%2Fwp%2Fv2%2Fcomments&post=2012"}],"version-history":[{"count":14,"href":"https:\/\/www.clubederh.com.br\/index.php?rest_route=\/wp\/v2\/pages\/2012\/revisions"}],"predecessor-version":[{"id":2015,"href":"https:\/\/www.clubederh.com.br\/index.php?rest_route=\/wp\/v2\/pages\/2012\/revisions\/2015"}],"wp:attachment":[{"href":"https:\/\/www.clubederh.com.br\/index.php?rest_route=%2Fwp%2Fv2%2Fmedia&parent=2012"}],"curies":[{"name":"wp","href":"https:\/\/api.w.org\/{rel}","templated":true}]}}