{"id":202,"date":"2014-03-18T17:53:32","date_gmt":"2014-03-18T17:53:32","guid":{"rendered":"http:\/\/200.168.247.69\/clubederhatual\/?page_id=202"},"modified":"2014-03-19T10:17:02","modified_gmt":"2014-03-19T10:17:02","slug":"vagas-grupo-gb-customizacao","status":"publish","type":"page","link":"https:\/\/www.clubederh.com.br\/?page_id=202","title":{"rendered":"Vagas | Grupo GB Customiza\u00e7\u00e3o"},"content":{"rendered":"<p>06 de novembro de 2013,<\/p>\n<p>Divulga\u00e7\u00e3o de oportunidade para o Grupo GB Customiza\u00e7\u00e3o:<\/p>\n<p><strong>Eletricista\u00a0<\/strong><br \/>\nRequisitos: Experi\u00eancia na \u00e1rea de manuten\u00e7\u00e3o com foco na \u00e1rea el\u00e9trica.<br \/>\nPerfil: Proatividade e bom relacionamento interpessoal.<br \/>\nSal\u00e1rio: estamos trabalhando com pretens\u00e3o salarial.<\/p>\n<p>Os interessados dever\u00e3o encaminhar cv com pretens\u00e3o salarial para rh@grupogbcustomizacao.com.br mencionando o t\u00edtulo da vaga anunciada.<\/p>\n<p>Atenciosamente,<\/p>\n<p>Adelina M\u00e1rcia<br \/>\nRecursos Humanos<br \/>\nGrupo GB Customiza\u00e7\u00e3o<br \/>\n(035) 3435-4461 ramal 24<br \/>\nrh@grupogbcustomizacao.com.br<\/p>\n<p>www.grupogbcustomizacao.blogspot.com.br<br \/>\nwww.laundryshow.com.br<\/p>\n","protected":false},"excerpt":{"rendered":"<p>06 de novembro de 2013, Divulga\u00e7\u00e3o de oportunidade para o Grupo GB Customiza\u00e7\u00e3o: Eletricista\u00a0 Requisitos: Experi\u00eancia na \u00e1rea de manuten\u00e7\u00e3o com foco na \u00e1rea el\u00e9trica. Perfil: Proatividade e bom relacionamento interpessoal. Sal\u00e1rio: estamos trabalhando com pretens\u00e3o salarial. Os interessados dever\u00e3o &hellip; <a href=\"https:\/\/www.clubederh.com.br\/?page_id=202\">Continue lendo <span class=\"meta-nav\">&rarr;<\/span><\/a><\/p>\n","protected":false},"author":1,"featured_media":0,"parent":0,"menu_order":0,"comment_status":"open","ping_status":"open","template":"","meta":{"footnotes":""},"_links":{"self":[{"href":"https:\/\/www.clubederh.com.br\/index.php?rest_route=\/wp\/v2\/pages\/202"}],"collection":[{"href":"https:\/\/www.clubederh.com.br\/index.php?rest_route=\/wp\/v2\/pages"}],"about":[{"href":"https:\/\/www.clubederh.com.br\/index.php?rest_route=\/wp\/v2\/types\/page"}],"author":[{"embeddable":true,"href":"https:\/\/www.clubederh.com.br\/index.php?rest_route=\/wp\/v2\/users\/1"}],"replies":[{"embeddable":true,"href":"https:\/\/www.clubederh.com.br\/index.php?rest_route=%2Fwp%2Fv2%2Fcomments&post=202"}],"version-history":[{"count":3,"href":"https:\/\/www.clubederh.com.br\/index.php?rest_route=\/wp\/v2\/pages\/202\/revisions"}],"predecessor-version":[{"id":850,"href":"https:\/\/www.clubederh.com.br\/index.php?rest_route=\/wp\/v2\/pages\/202\/revisions\/850"}],"wp:attachment":[{"href":"https:\/\/www.clubederh.com.br\/index.php?rest_route=%2Fwp%2Fv2%2Fmedia&parent=202"}],"curies":[{"name":"wp","href":"https:\/\/api.w.org\/{rel}","templated":true}]}}