{"id":2028,"date":"2015-08-04T13:50:29","date_gmt":"2015-08-04T13:50:29","guid":{"rendered":"http:\/\/www.clubederh.com.br\/?page_id=2028"},"modified":"2015-08-06T14:46:55","modified_gmt":"2015-08-06T14:46:55","slug":"plano-de-acao-escola-de-lideres","status":"publish","type":"page","link":"https:\/\/www.clubederh.com.br\/?page_id=2028","title":{"rendered":"PLANO DE A\u00c7\u00c3O \u2013 ESCOLA DE L\u00cdDERES"},"content":{"rendered":"<p>[av_heading heading=&#8217;Estamos oferecendo uma oportunidade para voc\u00ea profissional de Rh que tem interesse em expandir sua atua\u00e7\u00e3o e o seu faturamento mensal.&#8217; tag=&#8217;h3&#8242; color=&#8221; style=&#8217;blockquote classic-quote&#8217; padding=&#8217;10&#8217;]<\/p>\n<p>[av_textblock ]<br \/>\n<span style=\"color: #000000;\">O CLUBE DE RH auxilia a transformar os Treinamentos idealizados por voc\u00ea em conte\u00fado multim\u00eddia para EAD \u2013 Ensino a Dist\u00e2ncia, visando atender as necessidades de treinamento da empresa onde voc\u00ea trabalha e outras empresas interessadas. E neste \u00faltimo caso, voc\u00ea ter\u00e1 um ganho adicional sobre as vendas do conte\u00fado de treinamento desenvolvido por voc\u00ea em conjunto com o CLUBE DE RH.<\/span><\/p>\n<p><span style=\"color: #000000;\">\u00a0<\/span><span style=\"color: #000000;\">Apenas temos que ter a \u00e9tica de n\u00e3o utilizar material espec\u00edfico da empresa em que voc\u00ea trabalha e verificar se existe algum impeditivo nas normas da empresa.<\/span><\/p>\n<p><span style=\"color: #000000;\">\u00a0Nosso objetivo \u00e9 estimular a valoriza\u00e7\u00e3o e o crescimento profissional de nossos associados!<\/span><\/p>\n<p><span style=\"color: #000000;\">Veja a lista de temas j\u00e1 identificados como de interesse por diversas empresas:<\/span><br \/>\n[\/av_textblock]<\/p>\n<p>[av_textblock]<\/p>\n<ol>\n<li><span style=\"color: #a81010;\"><strong><span style=\"line-height: 13px;\">Liderando para resultados<br \/>\n<\/span><\/strong><\/span><\/li>\n<li><span style=\"color: #a81010;\"><strong>A arte do relacionamento<\/strong><\/span><\/li>\n<li><span style=\"color: #a81010;\"><strong>Aceleradores<\/strong><\/span><\/li>\n<li><span style=\"color: #a81010;\"><strong>Gerenciamento de conflitos<\/strong><\/span><\/li>\n<li><span style=\"color: #a81010;\"><strong>O feedback como ferramenta de gest\u00e3o<\/strong><\/span><\/li>\n<li><span style=\"color: #a81010;\"><strong>Construindo a melhor empresa para se trabalhar<\/strong><\/span><\/li>\n<li><span style=\"color: #a81010;\"><strong>Gerenciamento eficaz do tempo<\/strong><\/span><\/li>\n<li><span style=\"color: #a81010;\"><strong>Qualidade de vida no trabalho<\/strong><\/span><\/li>\n<li><span style=\"color: #a81010;\"><strong>Excel\u00eancia no atendimento ao cliente<\/strong><\/span><\/li>\n<li><span style=\"color: #a81010;\"><strong>T\u00e9cnicas de negocia\u00e7\u00e3o<\/strong><\/span><\/li>\n<li><span style=\"color: #a81010;\"><strong>Criatividade Profissional<\/strong><\/span><\/li>\n<li><span style=\"color: #a81010;\"><strong>Equipes de alto desempenho<\/strong><\/span><\/li>\n<li><span style=\"color: #a81010;\"><strong>Manuten\u00e7\u00e3o Humana<\/strong><\/span><\/li>\n<li><span style=\"color: #a81010;\"><strong>Mudan\u00e7a organizacional<\/strong><\/span><\/li>\n<li><span style=\"color: #a81010;\"><strong>Comunica\u00e7\u00e3o total<\/strong><\/span><\/li>\n<li><span style=\"color: #a81010;\"><strong>Como conduzir reuni\u00f5es eficazes<\/strong><\/span><\/li>\n<li><span style=\"color: #a81010;\"><strong>Superando limites<\/strong><\/span><\/li>\n<\/ol>\n<p>[\/av_textblock]<\/p>\n<p>[av_textblock]<br \/>\n<span style=\"color: #000000;\">Caso voc\u00ea tenha interesse em confeccionar um ou mais destes temas conosco, usando a tecnologia de EAD ou mesmo sugerir novos temas de sua expertise, entre em contato conosco!<\/span><\/p>\n<p><span style=\"color: #000000;\">\u00a0Ser\u00e1 um prazer atende-lo!\u00a0 <a href=\"mailto:mauricio.tornero@clubederh.com.br\"><span style=\"color: #000000;\">mauricio.tornero@clubederh.com.br<\/span><\/a><\/span><br \/>\n[\/av_textblock]<\/p>\n","protected":false},"excerpt":{"rendered":"<p>[av_heading heading=&#8217;Estamos oferecendo uma oportunidade para voc\u00ea profissional de Rh que tem interesse em expandir sua atua\u00e7\u00e3o e o seu faturamento mensal.&#8217; tag=&#8217;h3&#8242; color=&#8221; style=&#8217;blockquote classic-quote&#8217; padding=&#8217;10&#8217;] [av_textblock ] O CLUBE DE RH auxilia a transformar os Treinamentos idealizados por &hellip; <a href=\"https:\/\/www.clubederh.com.br\/?page_id=2028\">Continue lendo <span class=\"meta-nav\">&rarr;<\/span><\/a><\/p>\n","protected":false},"author":2,"featured_media":0,"parent":0,"menu_order":0,"comment_status":"open","ping_status":"open","template":"","meta":{"footnotes":""},"_links":{"self":[{"href":"https:\/\/www.clubederh.com.br\/index.php?rest_route=\/wp\/v2\/pages\/2028"}],"collection":[{"href":"https:\/\/www.clubederh.com.br\/index.php?rest_route=\/wp\/v2\/pages"}],"about":[{"href":"https:\/\/www.clubederh.com.br\/index.php?rest_route=\/wp\/v2\/types\/page"}],"author":[{"embeddable":true,"href":"https:\/\/www.clubederh.com.br\/index.php?rest_route=\/wp\/v2\/users\/2"}],"replies":[{"embeddable":true,"href":"https:\/\/www.clubederh.com.br\/index.php?rest_route=%2Fwp%2Fv2%2Fcomments&post=2028"}],"version-history":[{"count":31,"href":"https:\/\/www.clubederh.com.br\/index.php?rest_route=\/wp\/v2\/pages\/2028\/revisions"}],"predecessor-version":[{"id":2031,"href":"https:\/\/www.clubederh.com.br\/index.php?rest_route=\/wp\/v2\/pages\/2028\/revisions\/2031"}],"wp:attachment":[{"href":"https:\/\/www.clubederh.com.br\/index.php?rest_route=%2Fwp%2Fv2%2Fmedia&parent=2028"}],"curies":[{"name":"wp","href":"https:\/\/api.w.org\/{rel}","templated":true}]}}