{"id":204,"date":"2014-03-18T17:54:19","date_gmt":"2014-03-18T17:54:19","guid":{"rendered":"http:\/\/200.168.247.69\/clubederhatual\/?page_id=204"},"modified":"2014-03-19T10:24:50","modified_gmt":"2014-03-19T10:24:50","slug":"vagas-hospital-e-maternidade-sao-lucas","status":"publish","type":"page","link":"https:\/\/www.clubederh.com.br\/?page_id=204","title":{"rendered":"Vagas | Hospital e Maternidade S\u00e3o Lucas"},"content":{"rendered":"<p>Vaga: Assistente Administrativo<\/p>\n<p>Inicio imediato<br \/>\nHor\u00e1rio de atua\u00e7\u00e3o: de 2\u00aa as 6\u00aas feiras \u2013 das 08:00 \u00e0s 18:00 hs<br \/>\nSalario a combinar<br \/>\nExperi\u00eancia em servi\u00e7os administrativos<br \/>\nIdade maior de 18 anos.<\/p>\n<p>Para atuar no Hospital Maternidade S\u00e3o Lucas de Extrema.<\/p>\n<p>Os interessados dever\u00e3o entrar em contato nos telefones: (35) 3100 9584 \/ (35) 88590111 falar com Isabel ou enviar curr\u00edculo no email isabel.dir@hmsaolucas.com.br<\/p>\n<p>Qualquer d\u00favida por gentileza entrar em contato.<\/p>\n<p>Att.<\/p>\n<p>Isabel C.Cordeiro<br \/>\nDir.Adm. e Financeira<\/p>\n","protected":false},"excerpt":{"rendered":"<p>Vaga: Assistente Administrativo Inicio imediato Hor\u00e1rio de atua\u00e7\u00e3o: de 2\u00aa as 6\u00aas feiras \u2013 das 08:00 \u00e0s 18:00 hs Salario a combinar Experi\u00eancia em servi\u00e7os administrativos Idade maior de 18 anos. Para atuar no Hospital Maternidade S\u00e3o Lucas de Extrema. &hellip; <a href=\"https:\/\/www.clubederh.com.br\/?page_id=204\">Continue lendo <span class=\"meta-nav\">&rarr;<\/span><\/a><\/p>\n","protected":false},"author":1,"featured_media":0,"parent":0,"menu_order":0,"comment_status":"open","ping_status":"open","template":"","meta":{"footnotes":""},"_links":{"self":[{"href":"https:\/\/www.clubederh.com.br\/index.php?rest_route=\/wp\/v2\/pages\/204"}],"collection":[{"href":"https:\/\/www.clubederh.com.br\/index.php?rest_route=\/wp\/v2\/pages"}],"about":[{"href":"https:\/\/www.clubederh.com.br\/index.php?rest_route=\/wp\/v2\/types\/page"}],"author":[{"embeddable":true,"href":"https:\/\/www.clubederh.com.br\/index.php?rest_route=\/wp\/v2\/users\/1"}],"replies":[{"embeddable":true,"href":"https:\/\/www.clubederh.com.br\/index.php?rest_route=%2Fwp%2Fv2%2Fcomments&post=204"}],"version-history":[{"count":3,"href":"https:\/\/www.clubederh.com.br\/index.php?rest_route=\/wp\/v2\/pages\/204\/revisions"}],"predecessor-version":[{"id":851,"href":"https:\/\/www.clubederh.com.br\/index.php?rest_route=\/wp\/v2\/pages\/204\/revisions\/851"}],"wp:attachment":[{"href":"https:\/\/www.clubederh.com.br\/index.php?rest_route=%2Fwp%2Fv2%2Fmedia&parent=204"}],"curies":[{"name":"wp","href":"https:\/\/api.w.org\/{rel}","templated":true}]}}