{"id":210,"date":"2014-03-18T17:56:06","date_gmt":"2014-03-18T17:56:06","guid":{"rendered":"http:\/\/200.168.247.69\/clubederhatual\/?page_id=210"},"modified":"2014-03-19T10:29:30","modified_gmt":"2014-03-19T10:29:30","slug":"vagas-tocantins","status":"publish","type":"page","link":"https:\/\/www.clubederh.com.br\/?page_id=210","title":{"rendered":"Vagas | Tocantins"},"content":{"rendered":"<p>16.09.2013,<\/p>\n<p>Gostar\u00edamos de divulgar nossas oportunidades abaixo no site do clube.<\/p>\n<p>Auxiliar de Produ\u00e7\u00e3o<br \/>\nAuxiliar de Limpeza<\/p>\n<p>Grata<\/p>\n<div>\n<div id=\":1dd\"><img decoding=\"async\" alt=\"\" src=\"https:\/\/mail.google.com\/mail\/u\/1\/images\/cleardot.gif\" \/>Magna Moraes<br \/>\nGest\u00e3o de Pessoas<br \/>\nInd\u00fastria de Embalagens Tocantins<br \/>\nTel 35 3433-8500 r.8509<br \/>\ne-mail: rh@tocantins.ind.br<\/div>\n<\/div>\n","protected":false},"excerpt":{"rendered":"<p>16.09.2013, Gostar\u00edamos de divulgar nossas oportunidades abaixo no site do clube. Auxiliar de Produ\u00e7\u00e3o Auxiliar de Limpeza Grata Magna Moraes Gest\u00e3o de Pessoas Ind\u00fastria de Embalagens Tocantins Tel 35 3433-8500 r.8509 e-mail: rh@tocantins.ind.br<\/p>\n","protected":false},"author":1,"featured_media":0,"parent":0,"menu_order":0,"comment_status":"open","ping_status":"open","template":"","meta":{"footnotes":""},"_links":{"self":[{"href":"https:\/\/www.clubederh.com.br\/index.php?rest_route=\/wp\/v2\/pages\/210"}],"collection":[{"href":"https:\/\/www.clubederh.com.br\/index.php?rest_route=\/wp\/v2\/pages"}],"about":[{"href":"https:\/\/www.clubederh.com.br\/index.php?rest_route=\/wp\/v2\/types\/page"}],"author":[{"embeddable":true,"href":"https:\/\/www.clubederh.com.br\/index.php?rest_route=\/wp\/v2\/users\/1"}],"replies":[{"embeddable":true,"href":"https:\/\/www.clubederh.com.br\/index.php?rest_route=%2Fwp%2Fv2%2Fcomments&post=210"}],"version-history":[{"count":3,"href":"https:\/\/www.clubederh.com.br\/index.php?rest_route=\/wp\/v2\/pages\/210\/revisions"}],"predecessor-version":[{"id":852,"href":"https:\/\/www.clubederh.com.br\/index.php?rest_route=\/wp\/v2\/pages\/210\/revisions\/852"}],"wp:attachment":[{"href":"https:\/\/www.clubederh.com.br\/index.php?rest_route=%2Fwp%2Fv2%2Fmedia&parent=210"}],"curies":[{"name":"wp","href":"https:\/\/api.w.org\/{rel}","templated":true}]}}