{"id":216,"date":"2014-03-18T17:58:24","date_gmt":"2014-03-18T17:58:24","guid":{"rendered":"http:\/\/200.168.247.69\/clubederhatual\/?page_id=216"},"modified":"2014-03-19T10:34:54","modified_gmt":"2014-03-19T10:34:54","slug":"vagas-confidenciais","status":"publish","type":"page","link":"https:\/\/www.clubederh.com.br\/?page_id=216","title":{"rendered":"Vagas Confidenciais"},"content":{"rendered":"<p>25 de abril de 2013,<\/p>\n<p>EMPRESA PARCEIRA DO CLUBE DE RH CONTRATA:<\/p>\n<p><strong>Supervisor de Transporte S\u00eanior<\/strong><br \/>\n-Escolaridade: Superior Completo em Log\u00edstica ou \u00e1reas afins.<br \/>\n-Descri\u00e7\u00e3o da vaga: Atuar no planejamento dos transportes, controle de todo processo log\u00edstico, supervisionar e monitorar a alta performance na qualidade do servi\u00e7o prestados. Respons\u00e1vel pela contrata\u00e7\u00e3o de transportadoras dentro dos fretes estabelecidos pela empresa e acompanhamento das entregas. Respons\u00e1vel pelo planejamento estrat\u00e9gico operacional, processos de distribui\u00e7\u00e3o, agendamentos, coletas, controle e an\u00e1lise de fretes. Controlar e acompanhar diariamente os indicadores de desempenho das atividades, visando o cumprimento das exig\u00eancias do cliente e do setor. Participar de reuni\u00f5es de acompanhamento e apresenta\u00e7\u00e3o de resultados com os clientes, apresentando relat\u00f3rios, planilhas e gr\u00e1ficos, dando e recebendo feedback, no sentido de buscar a satisfa\u00e7\u00e3o dos mesmos.<br \/>\n-Exig\u00eancias: Experi\u00eancia na fun\u00e7\u00e3o, gest\u00e3o de opera\u00e7\u00f5es de transporte, gest\u00e3o em gerenciamento de risco (PGR, DDR e seguros), gest\u00e3o de equipes, transporte rodovi\u00e1rios e a\u00e9reo, controle de produtividade, planilhas de custos, administrar conflitos internos e desenvolvimento \/ motiva\u00e7\u00e3o de funcion\u00e1rios.<br \/>\nTer disponibilidade de hor\u00e1rio e para realizar viagens.<br \/>\nCapacidade de negocia\u00e7\u00e3o e de comunica\u00e7\u00e3o em todos os n\u00edveis.<br \/>\nProfissional com organiza\u00e7\u00e3o, perfil de lideran\u00e7a, bom trabalho em equipe e foco em resultados.<br \/>\nConhecimentos em software TMS<br \/>\nConhecimentos em composi\u00e7\u00e3o de fretes e contato com clientes.<br \/>\n-Desej\u00e1vel: profissional com vis\u00e3o geral de transportes e gest\u00e3o de pessoas.<\/p>\n<p>Encaminhar cv para: recrutamento.lamg@gmail.com<\/p>\n","protected":false},"excerpt":{"rendered":"<p>25 de abril de 2013, EMPRESA PARCEIRA DO CLUBE DE RH CONTRATA: Supervisor de Transporte S\u00eanior -Escolaridade: Superior Completo em Log\u00edstica ou \u00e1reas afins. -Descri\u00e7\u00e3o da vaga: Atuar no planejamento dos transportes, controle de todo processo log\u00edstico, supervisionar e monitorar &hellip; <a href=\"https:\/\/www.clubederh.com.br\/?page_id=216\">Continue lendo <span class=\"meta-nav\">&rarr;<\/span><\/a><\/p>\n","protected":false},"author":1,"featured_media":0,"parent":0,"menu_order":0,"comment_status":"open","ping_status":"open","template":"","meta":{"footnotes":""},"_links":{"self":[{"href":"https:\/\/www.clubederh.com.br\/index.php?rest_route=\/wp\/v2\/pages\/216"}],"collection":[{"href":"https:\/\/www.clubederh.com.br\/index.php?rest_route=\/wp\/v2\/pages"}],"about":[{"href":"https:\/\/www.clubederh.com.br\/index.php?rest_route=\/wp\/v2\/types\/page"}],"author":[{"embeddable":true,"href":"https:\/\/www.clubederh.com.br\/index.php?rest_route=\/wp\/v2\/users\/1"}],"replies":[{"embeddable":true,"href":"https:\/\/www.clubederh.com.br\/index.php?rest_route=%2Fwp%2Fv2%2Fcomments&post=216"}],"version-history":[{"count":2,"href":"https:\/\/www.clubederh.com.br\/index.php?rest_route=\/wp\/v2\/pages\/216\/revisions"}],"predecessor-version":[{"id":247,"href":"https:\/\/www.clubederh.com.br\/index.php?rest_route=\/wp\/v2\/pages\/216\/revisions\/247"}],"wp:attachment":[{"href":"https:\/\/www.clubederh.com.br\/index.php?rest_route=%2Fwp%2Fv2%2Fmedia&parent=216"}],"curies":[{"name":"wp","href":"https:\/\/api.w.org\/{rel}","templated":true}]}}