{"id":4314,"date":"2017-07-11T16:13:03","date_gmt":"2017-07-11T16:13:03","guid":{"rendered":"http:\/\/www.clubederh.com.br\/?page_id=4314"},"modified":"2017-07-28T13:56:29","modified_gmt":"2017-07-28T13:56:29","slug":"prontuario-saude-municipal-de-extrema","status":"publish","type":"page","link":"https:\/\/www.clubederh.com.br\/?page_id=4314","title":{"rendered":"Prontu\u00e1rio Sa\u00fade Municipal de Extrema"},"content":{"rendered":"<p>[av_image src=&#8217;http:\/\/www.clubederh.com.br\/novo\/wp-content\/uploads\/Cabe\u00e7alho-Site-022.png&#8217; attachment=&#8217;4411&#8242; align=&#8217;center&#8217; animation=&#8217;no-animation&#8217; link=&#8221; target=&#8221;]<\/p>\n<p>[av_one_full first][\/av_one_full]<\/p>\n<p>[av_one_half first]<\/p>\n<p>[av_textblock ]<\/p>\n<h4 style=\"text-align: left;\"><span style=\"color: #000000;\">\u00c9 com grande alegria que convidamos a comunidade de Extrema a participar no dia 06\/12\/2017 do evento de Apresenta\u00e7\u00e3o do Prontu\u00e1rio Sa\u00fade Municipal de Extrema.<\/span><\/h4>\n<p>[\/av_textblock]<\/p>\n<p>[\/av_one_half][av_one_third]<br \/>\n[av_image src=&#8217;http:\/\/www.clubederh.com.br\/novo\/wp-content\/uploads\/Palestra-com-a-prefeitura-nova-data-03-1.png&#8217; attachment=&#8217;4401&#8242; align=&#8217;center&#8217; animation=&#8217;no-animation&#8217; link=&#8221; target=&#8221;]<br \/>\n[\/av_one_third]<\/p>\n<p>[av_one_full first][\/av_one_full]<\/p>\n<p>[av_image src=&#8217;http:\/\/www.clubederh.com.br\/novo\/wp-content\/uploads\/Palestra-com-a-prefeitura-botao-11.png&#8217; attachment=&#8217;4332&#8242; align=&#8217;center&#8217; animation=&#8217;bottom-to-top&#8217; link=&#8217;manually,https:\/\/www.sympla.com.br\/lancamento-do-prontuario-municipal-de-saude-de-extrema__162830&#8242; target=&#8217;_blank&#8217;]<\/p>\n<p>[av_one_full first][\/av_one_full]<\/p>\n<p>[av_one_full first][\/av_one_full]<\/p>\n<p>[av_one_full first][\/av_one_full]<\/p>\n<p>[av_image src=&#8217;http:\/\/www.clubederh.com.br\/novo\/wp-content\/uploads\/Palestra-com-a-prefeitura-12.png&#8217; attachment=&#8217;4335&#8242; align=&#8217;center&#8217; animation=&#8217;bottom-to-top&#8217; link=&#8221; target=&#8221;]<\/p>\n<p>[av_one_full first][\/av_one_full]<\/p>\n<p>[av_one_full first][\/av_one_full]<\/p>\n<p>[av_one_half first]<br \/>\n[av_image src=&#8217;http:\/\/www.clubederh.com.br\/novo\/wp-content\/uploads\/Palestra-com-a-prefeitura-graficos-13.png&#8217; attachment=&#8217;4339&#8242; align=&#8217;center&#8217; animation=&#8217;no-animation&#8217; link=&#8221; target=&#8221;]<br \/>\n[\/av_one_half]<\/p>\n<p>[av_one_half]<br \/>\n[av_image src=&#8217;http:\/\/www.clubederh.com.br\/novo\/wp-content\/uploads\/Palestra-com-a-prefeitura-graficos-14.png&#8217; attachment=&#8217;4340&#8242; align=&#8217;center&#8217; animation=&#8217;no-animation&#8217; link=&#8221; target=&#8221;]<br \/>\n[\/av_one_half]<\/p>\n<p>[av_one_full first][\/av_one_full]<\/p>\n<p>[av_image src=&#8217;http:\/\/www.clubederh.com.br\/novo\/wp-content\/uploads\/Palestra-com-a-prefeitura-botao-11.png&#8217; attachment=&#8217;4332&#8242; align=&#8217;center&#8217; animation=&#8217;bottom-to-top&#8217; link=&#8217;manually,https:\/\/www.sympla.com.br\/lancamento-do-prontuario-municipal-de-saude-de-extrema__162830&#8242; target=&#8217;_blank&#8217;]<\/p>\n<p>[av_one_full first][\/av_one_full]<\/p>\n<p>[av_one_full first]<br \/>\n[av_textblock ]<br \/>\n<strong><\/strong><\/p>\n<p style=\"text-align: justify;\"><span style=\"color: #000000;\">O Prontu\u00e1rio Sa\u00fade Municipal de Extrema \u00e9 fruto da uni\u00e3o de esfor\u00e7os entre institui\u00e7\u00f5es p\u00fablicas e privadas caracterizando-se como uma parceria P\u00fablico\/Privada.<\/span><\/p>\n<p style=\"text-align: justify;\"><span style=\"color: #000000;\">Com a ado\u00e7\u00e3o do PEP (Prontu\u00e1rio Eletr\u00f4nico do Paciente), hospitais ou cl\u00ednicas que adotem o novo sistema dever\u00e3o ter prontu\u00e1rios ou laudos eletr\u00f4nicos assinados com certificado digital v\u00e1lido no padr\u00e3o ICP-Brasil. Isso agiliza o dia a dia, reduz o custo com papel e diminui a burocracia.<\/span><\/p>\n<p style=\"text-align: justify;\"><span style=\"color: #000000;\">As prescri\u00e7\u00f5es m\u00e9dicas geradas em qualquer computador e assinadas digitalmente ter\u00e3o o valor legal de uma prescri\u00e7\u00e3o escrita e assinada manualmente.<\/span><\/p>\n<p style=\"text-align: justify;\"><span style=\"color: #000000;\">Convidamos voc\u00ea a usufruir dos benef\u00edcios que tem como objetivo principal melhorar cada vez mais a qualidade do atendimento m\u00e9dico\/hospitalar para toda a popula\u00e7\u00e3o.<\/span><\/p>\n<p>[\/av_textblock]<br \/>\n[\/av_one_full]<\/p>\n<p>[av_hr class=&#8217;default&#8217; height=&#8217;50&#8217; shadow=&#8217;no-shadow&#8217; position=&#8217;center&#8217;]<\/p>\n<p>[av_one_fifth first]<br \/>\n[av_image src=&#8217;http:\/\/www.clubederh.com.br\/novo\/wp-content\/uploads\/Palestra-com-a-prefeitura-marcas-15.png&#8217; attachment=&#8217;4358&#8242; align=&#8217;center&#8217; animation=&#8217;no-animation&#8217; link=&#8221; target=&#8221;]<br \/>\n[\/av_one_fifth]<\/p>\n<p>[av_one_fifth]<br \/>\n[av_image src=&#8217;http:\/\/www.clubederh.com.br\/novo\/wp-content\/uploads\/Palestra-com-a-prefeitura-marcas-16.png&#8217; attachment=&#8217;4359&#8242; align=&#8217;center&#8217; animation=&#8217;no-animation&#8217; link=&#8221; target=&#8221;]<br \/>\n[\/av_one_fifth]<\/p>\n<p>[av_one_fifth]<br \/>\n[av_image src=&#8217;http:\/\/www.clubederh.com.br\/novo\/wp-content\/uploads\/Palestra-com-a-prefeitura-marcas-17.png&#8217; attachment=&#8217;4360&#8242; align=&#8217;center&#8217; animation=&#8217;no-animation&#8217; link=&#8221; target=&#8221;]<br \/>\n[\/av_one_fifth]<\/p>\n<p>[av_one_fifth]<br \/>\n[av_image src=&#8217;http:\/\/www.clubederh.com.br\/novo\/wp-content\/uploads\/Palestra-com-a-prefeitura-marcas-18.png&#8217; attachment=&#8217;4361&#8242; align=&#8217;center&#8217; animation=&#8217;no-animation&#8217; link=&#8221; target=&#8221;]<br \/>\n[\/av_one_fifth]<\/p>\n<p>[av_one_fifth]<br \/>\n[av_image src=&#8217;http:\/\/www.clubederh.com.br\/novo\/wp-content\/uploads\/Palestra-com-a-prefeitura-marcas-19.png&#8217; attachment=&#8217;4362&#8242; align=&#8217;center&#8217; animation=&#8217;no-animation&#8217; link=&#8221; target=&#8221;]<br \/>\n[\/av_one_fifth]<\/p>\n","protected":false},"excerpt":{"rendered":"<p>[av_image src=&#8217;http:\/\/www.clubederh.com.br\/novo\/wp-content\/uploads\/Cabe\u00e7alho-Site-022.png&#8217; attachment=&#8217;4411&#8242; align=&#8217;center&#8217; animation=&#8217;no-animation&#8217; link=&#8221; target=&#8221;] [av_one_full first][\/av_one_full] [av_one_half first] [av_textblock ] \u00c9 com grande alegria que convidamos a comunidade de Extrema a participar no dia 06\/12\/2017 do evento de Apresenta\u00e7\u00e3o do Prontu\u00e1rio Sa\u00fade Municipal de Extrema. [\/av_textblock] [\/av_one_half][av_one_third] &hellip; <a href=\"https:\/\/www.clubederh.com.br\/?page_id=4314\">Continue lendo <span class=\"meta-nav\">&rarr;<\/span><\/a><\/p>\n","protected":false},"author":2,"featured_media":0,"parent":0,"menu_order":0,"comment_status":"open","ping_status":"open","template":"","meta":{"footnotes":""},"_links":{"self":[{"href":"https:\/\/www.clubederh.com.br\/index.php?rest_route=\/wp\/v2\/pages\/4314"}],"collection":[{"href":"https:\/\/www.clubederh.com.br\/index.php?rest_route=\/wp\/v2\/pages"}],"about":[{"href":"https:\/\/www.clubederh.com.br\/index.php?rest_route=\/wp\/v2\/types\/page"}],"author":[{"embeddable":true,"href":"https:\/\/www.clubederh.com.br\/index.php?rest_route=\/wp\/v2\/users\/2"}],"replies":[{"embeddable":true,"href":"https:\/\/www.clubederh.com.br\/index.php?rest_route=%2Fwp%2Fv2%2Fcomments&post=4314"}],"version-history":[{"count":51,"href":"https:\/\/www.clubederh.com.br\/index.php?rest_route=\/wp\/v2\/pages\/4314\/revisions"}],"predecessor-version":[{"id":4317,"href":"https:\/\/www.clubederh.com.br\/index.php?rest_route=\/wp\/v2\/pages\/4314\/revisions\/4317"}],"wp:attachment":[{"href":"https:\/\/www.clubederh.com.br\/index.php?rest_route=%2Fwp%2Fv2%2Fmedia&parent=4314"}],"curies":[{"name":"wp","href":"https:\/\/api.w.org\/{rel}","templated":true}]}}