{"id":4670,"date":"2020-03-05T18:55:06","date_gmt":"2020-03-05T18:55:06","guid":{"rendered":"http:\/\/www.clubederh.com.br\/?page_id=4670"},"modified":"2021-03-13T16:40:10","modified_gmt":"2021-03-13T16:40:10","slug":"4670-2","status":"publish","type":"page","link":"https:\/\/www.clubederh.com.br\/?page_id=4670","title":{"rendered":"CALEND\u00c1RIO 2021"},"content":{"rendered":"<p>[av_one_full first]<\/p>\n<p>[av_textblock ]<\/p>\n<h1 style=\"text-align: center; color: #b42025; font-weight: 800;\">CALEND\u00c1RIO DE EVENTOS 2021<\/h1>\n<p>[\/av_textblock]<\/p>\n<p>[\/av_one_full][av_one_full first]<br \/>\n[av_heading heading=&#8217;Encontros Mensais e Gratuitos com temas de Gest\u00e3o de Recursos Humanos Humanizado, Indicadores para Meritocracia e Qualidade de Vida.&#8217; tag=&#8217;h3&#8242; color=&#8221; style=&#8221; padding=&#8217;10&#8217;]<\/p>\n<p>[av_heading heading=&#8217;Todo primeiro s\u00e1bado de cada m\u00eas, das 9:30 \u00e0s 12:00.&#8217; tag=&#8217;h3&#8242; color=&#8221; style=&#8221; padding=&#8217;10&#8217;]<\/p>\n<p>[av_textblock ]<br \/>\n<span style=\"color: #000000; font-size: 18px;\">Datas: <strong>07\/03<\/strong> | <strong>04\/04<\/strong> | <strong>02\/05<\/strong> | <strong>06\/06<\/strong> | <strong>04\/07<\/strong> | <strong>01\/08<\/strong> | <strong>05\/09<\/strong> | <strong>03\/10<\/strong> | <strong>07\/11<\/strong> | <strong>05\/12<\/strong><\/span><br \/>\n[\/av_textblock]<br \/>\n[\/av_one_full]<\/p>\n<p>[av_one_full first]<br \/>\n[av_iconlist position=&#8217;left&#8217;]<br \/>\n[av_iconlist_item title=&#8217;CONFIRA A NOSSA PROGRAMA\u00c7\u00c3O:&#8217; link=&#8221; linktarget=&#8221; icon=&#8217;ue862&#8242; font=&#8217;entypo-fontello&#8217;]<br \/>\n<span style=\"color: #000000; font-size: 16px;\"><strong>09:30 &#8211;<\/strong> Painel de Boas Pr\u00e1ticas de Gest\u00e3o de RH por Meritocracia.<\/span><br \/>\n<span style=\"color: #000000; font-size: 16px;\"><strong>10:00 &#8211;<\/strong> Grupo de Estudos de Sa\u00fade Integral e Qualidade de Vida.<\/span><br \/>\n<span style=\"color: #000000; font-size: 16px;\"><strong>10:30 &#8211;<\/strong> Viv\u00eancia Pr\u00e1tica de Constela\u00e7\u00e3o Familiar.<\/span><br \/>\n<span style=\"color: #000000; font-size: 16px;\"><strong>12:00 &#8211;<\/strong> Almo\u00e7o.<\/span><br \/>\n<span style=\"color: #000000; font-size: 16px;\">Tarde de Cuidados da Sa\u00fade e Lazer com Terapias, Trilhas e SPA e muita Natureza.<\/span><br \/>\n[\/av_iconlist_item]<\/p>\n<p>[\/av_iconlist]<br \/>\n[\/av_one_full]<\/p>\n<p>[av_textblock]<br \/>\n<strong><span style=\"color: #000000; font-size: 18px;\">Reserva limitada a 30 participantes!<\/span><\/strong><br \/>\n[\/av_textblock]<\/p>\n<p>[av_hr class=&#8217;default&#8217; height=&#8217;50&#8217; shadow=&#8217;no-shadow&#8217; position=&#8217;center&#8217;]<\/p>\n<p>[av_textblock]<br \/>\n<span style=\"color: #000000; font-size: 16px;\"><strong>Local:<\/strong> Parque Ecol\u00f3gico Pico dos Cabritos.<\/span><br \/>\n<span style=\"color: #000000; font-size: 16px;\"><strong>Endere\u00e7o:<\/strong> Rua das Ac\u00e1cias, 777 &#8211; Vila Rica &#8211; Extrema, MG.<\/span><br \/>\n<span style=\"color: #000000; font-size: 16px;\"><strong>Acesse o site:<\/strong> www.picodoscabritos.com.br<\/span><br \/>\n[\/av_textblock]<\/p>\n<p>[av_hr class=&#8217;default&#8217; height=&#8217;50&#8217; shadow=&#8217;no-shadow&#8217; position=&#8217;center&#8217;]<\/p>\n<p>[av_button label=&#8217;Confira Eventos Anteriores&#8217; link=&#8217;manually,https:\/\/www.clubederh.com.br\/?page_id=4564&#8242; link_target=&#8217;_blank&#8217; color=&#8217;custom&#8217; custom_bg=&#8217;#444444&#8242; custom_font=&#8217;#ffffff&#8217; size=&#8217;large&#8217; position=&#8217;center&#8217; icon_select=&#8217;yes&#8217; icon=&#8217;ue830&#8242; font=&#8217;entypo-fontello&#8217;]<\/p>\n","protected":false},"excerpt":{"rendered":"<p>[av_one_full first] [av_textblock ] CALEND\u00c1RIO DE EVENTOS 2021 [\/av_textblock] [\/av_one_full][av_one_full first] [av_heading heading=&#8217;Encontros Mensais e Gratuitos com temas de Gest\u00e3o de Recursos Humanos Humanizado, Indicadores para Meritocracia e Qualidade de Vida.&#8217; tag=&#8217;h3&#8242; color=&#8221; style=&#8221; padding=&#8217;10&#8217;] [av_heading heading=&#8217;Todo primeiro s\u00e1bado de &hellip; <a href=\"https:\/\/www.clubederh.com.br\/?page_id=4670\">Continue lendo <span class=\"meta-nav\">&rarr;<\/span><\/a><\/p>\n","protected":false},"author":2,"featured_media":0,"parent":0,"menu_order":0,"comment_status":"open","ping_status":"open","template":"","meta":{"footnotes":""},"_links":{"self":[{"href":"https:\/\/www.clubederh.com.br\/index.php?rest_route=\/wp\/v2\/pages\/4670"}],"collection":[{"href":"https:\/\/www.clubederh.com.br\/index.php?rest_route=\/wp\/v2\/pages"}],"about":[{"href":"https:\/\/www.clubederh.com.br\/index.php?rest_route=\/wp\/v2\/types\/page"}],"author":[{"embeddable":true,"href":"https:\/\/www.clubederh.com.br\/index.php?rest_route=\/wp\/v2\/users\/2"}],"replies":[{"embeddable":true,"href":"https:\/\/www.clubederh.com.br\/index.php?rest_route=%2Fwp%2Fv2%2Fcomments&post=4670"}],"version-history":[{"count":27,"href":"https:\/\/www.clubederh.com.br\/index.php?rest_route=\/wp\/v2\/pages\/4670\/revisions"}],"predecessor-version":[{"id":4700,"href":"https:\/\/www.clubederh.com.br\/index.php?rest_route=\/wp\/v2\/pages\/4670\/revisions\/4700"}],"wp:attachment":[{"href":"https:\/\/www.clubederh.com.br\/index.php?rest_route=%2Fwp%2Fv2%2Fmedia&parent=4670"}],"curies":[{"name":"wp","href":"https:\/\/api.w.org\/{rel}","templated":true}]}}