{"id":49,"date":"2014-03-11T16:00:21","date_gmt":"2014-03-11T16:00:21","guid":{"rendered":"http:\/\/200.168.247.69\/clubederhatual\/?page_id=49"},"modified":"2019-03-29T18:59:34","modified_gmt":"2019-03-29T18:59:34","slug":"fale-conosco","status":"publish","type":"page","link":"https:\/\/www.clubederh.com.br\/?page_id=49","title":{"rendered":"Contato"},"content":{"rendered":"<p>[av_heading heading=&#8217;Para maiores informa\u00e7\u00f5es, entre em contato conosco! Ser\u00e1 um prazer atend\u00ea-lo!&#8217; tag=&#8217;h3&#8242; color=&#8221; style=&#8221; padding=&#8217;10&#8217;]<\/p>\n<p>[av_one_full first]<\/p>\n<p>[av_textblock ]<br \/>\n<span style=\"color: #000000;\"><strong>E-mail:<\/strong> contato@clubederh.com.br\u00a0 \u00a0 \u00a0 |\u00a0 \u00a0 \u00a0<strong>Enviar c\u00f3pia para:<\/strong>\u00a0comercial@elolife.com.br\u00a0<\/span><br \/>\n<span style=\"color: #000000;\"><strong>PABX:<\/strong>\u00a0(35) 3435 2258<\/span><br \/>\n[\/av_textblock]<\/p>\n<p>[\/av_one_full]<\/p>\n","protected":false},"excerpt":{"rendered":"<p>[av_heading heading=&#8217;Para maiores informa\u00e7\u00f5es, entre em contato conosco! Ser\u00e1 um prazer atend\u00ea-lo!&#8217; tag=&#8217;h3&#8242; color=&#8221; style=&#8221; padding=&#8217;10&#8217;] [av_one_full first] [av_textblock ] E-mail: contato@clubederh.com.br\u00a0 \u00a0 \u00a0 |\u00a0 \u00a0 \u00a0Enviar c\u00f3pia para:\u00a0comercial@elolife.com.br\u00a0 PABX:\u00a0(35) 3435 2258 [\/av_textblock] [\/av_one_full]<\/p>\n","protected":false},"author":1,"featured_media":0,"parent":0,"menu_order":0,"comment_status":"open","ping_status":"open","template":"","meta":{"footnotes":""},"_links":{"self":[{"href":"https:\/\/www.clubederh.com.br\/index.php?rest_route=\/wp\/v2\/pages\/49"}],"collection":[{"href":"https:\/\/www.clubederh.com.br\/index.php?rest_route=\/wp\/v2\/pages"}],"about":[{"href":"https:\/\/www.clubederh.com.br\/index.php?rest_route=\/wp\/v2\/types\/page"}],"author":[{"embeddable":true,"href":"https:\/\/www.clubederh.com.br\/index.php?rest_route=\/wp\/v2\/users\/1"}],"replies":[{"embeddable":true,"href":"https:\/\/www.clubederh.com.br\/index.php?rest_route=%2Fwp%2Fv2%2Fcomments&post=49"}],"version-history":[{"count":23,"href":"https:\/\/www.clubederh.com.br\/index.php?rest_route=\/wp\/v2\/pages\/49\/revisions"}],"predecessor-version":[{"id":163,"href":"https:\/\/www.clubederh.com.br\/index.php?rest_route=\/wp\/v2\/pages\/49\/revisions\/163"}],"wp:attachment":[{"href":"https:\/\/www.clubederh.com.br\/index.php?rest_route=%2Fwp%2Fv2%2Fmedia&parent=49"}],"curies":[{"name":"wp","href":"https:\/\/api.w.org\/{rel}","templated":true}]}}